{"id":179,"date":"2019-06-01T12:40:54","date_gmt":"2019-06-01T12:40:54","guid":{"rendered":"http:\/\/192.168.1.23\/?page_id=179"},"modified":"2023-11-20T17:35:43","modified_gmt":"2023-11-20T17:35:43","slug":"prestations-informatiques-solutions-informatiques","status":"publish","type":"page","link":"https:\/\/csli.fr\/index.php\/prestations-informatiques-solutions-informatiques\/","title":{"rendered":"Support aux utilisateurs"},"content":{"rendered":"\n<h3 class=\"wp-block-heading\">Contrats de maintenance annuels<\/h3>\n\n\n\n<p>Nos contrats de maintenance informatiques sont dimensionn\u00e9s pour correspondre \u00e0 la taille de votre entreprise. Par exemple une petite entreprise avec un serveur et cinq postes de travail, requi\u00e8re g\u00e9n\u00e9ralement 6 ou 7 jours de maintenance annuelle.<\/p>\n\n\n\n<h3 class=\"wp-block-heading\"><strong>Nos atouts :<\/strong><\/h3>\n\n\n\n<ul class=\"wp-block-list\">\n<li>Prise en charge de vos incidents le jour m\u00eame.<\/li>\n\n\n\n<li>Suivi r\u00e9gulier de vos \u00e9quipements et de vos contrats.<\/li>\n\n\n\n<li>Vous maitrisez vos prestations informatiques.<\/li>\n<\/ul>\n\n\n\n<h2 class=\"wp-block-heading has-text-align-center\"><a href=\"mailto:csli.informatique@gmail.com\">Contactez nous : csli.informatique@gmail.com<\/a><\/h2>\n","protected":false},"excerpt":{"rendered":"<p>Contrats de maintenance annuels Nos contrats de maintenance informatiques sont dimensionn\u00e9s pour correspondre \u00e0 la taille de votre entreprise. Par exemple une petite entreprise avec un serveur et cinq postes de travail, requi\u00e8re g\u00e9n\u00e9ralement 6 ou 7 jours de maintenance annuelle. Nos atouts : Contactez nous : csli.informatique@gmail.com<\/p>\n","protected":false},"author":1,"featured_media":0,"parent":0,"menu_order":0,"comment_status":"closed","ping_status":"closed","template":"","meta":{"_mi_skip_tracking":false,"_exactmetrics_sitenote_active":false,"_exactmetrics_sitenote_note":"","_exactmetrics_sitenote_category":0,"footnotes":""},"class_list":["post-179","page","type-page","status-publish"],"yoast_head":"<!-- This site is optimized with the Yoast SEO plugin v27.3 - https:\/\/yoast.com\/product\/yoast-seo-wordpress\/ -->\n<title>Support aux utilisateurs - CSLI<\/title>\n<meta name=\"description\" content=\"Contrat de maintenance informatique pour entreprise au Havre\" \/>\n<meta name=\"robots\" content=\"index, follow, max-snippet:-1, max-image-preview:large, max-video-preview:-1\" \/>\n<link rel=\"canonical\" href=\"https:\/\/csli.fr\/index.php\/prestations-informatiques-solutions-informatiques\/\" \/>\n<meta property=\"og:locale\" content=\"fr_FR\" \/>\n<meta property=\"og:type\" content=\"article\" \/>\n<meta property=\"og:title\" content=\"Support aux utilisateurs - CSLI\" \/>\n<meta property=\"og:description\" content=\"Contrat de maintenance informatique pour entreprise au Havre\" \/>\n<meta property=\"og:url\" content=\"https:\/\/csli.fr\/index.php\/prestations-informatiques-solutions-informatiques\/\" \/>\n<meta property=\"og:site_name\" content=\"CSLI\" \/>\n<meta property=\"article:modified_time\" content=\"2023-11-20T17:35:43+00:00\" \/>\n<meta name=\"twitter:card\" content=\"summary_large_image\" \/>\n<meta name=\"twitter:label1\" content=\"Dur\u00e9e de lecture estim\u00e9e\" \/>\n\t<meta name=\"twitter:data1\" content=\"1 minute\" \/>\n<script type=\"application\/ld+json\" class=\"yoast-schema-graph\">{\"@context\":\"https:\\\/\\\/schema.org\",\"@graph\":[{\"@type\":\"WebPage\",\"@id\":\"https:\\\/\\\/csli.fr\\\/index.php\\\/prestations-informatiques-solutions-informatiques\\\/\",\"url\":\"https:\\\/\\\/csli.fr\\\/index.php\\\/prestations-informatiques-solutions-informatiques\\\/\",\"name\":\"Support aux utilisateurs - CSLI\",\"isPartOf\":{\"@id\":\"https:\\\/\\\/csli.fr\\\/#website\"},\"datePublished\":\"2019-06-01T12:40:54+00:00\",\"dateModified\":\"2023-11-20T17:35:43+00:00\",\"description\":\"Contrat de maintenance informatique pour entreprise au Havre\",\"breadcrumb\":{\"@id\":\"https:\\\/\\\/csli.fr\\\/index.php\\\/prestations-informatiques-solutions-informatiques\\\/#breadcrumb\"},\"inLanguage\":\"fr-FR\",\"potentialAction\":[{\"@type\":\"ReadAction\",\"target\":[\"https:\\\/\\\/csli.fr\\\/index.php\\\/prestations-informatiques-solutions-informatiques\\\/\"]}]},{\"@type\":\"BreadcrumbList\",\"@id\":\"https:\\\/\\\/csli.fr\\\/index.php\\\/prestations-informatiques-solutions-informatiques\\\/#breadcrumb\",\"itemListElement\":[{\"@type\":\"ListItem\",\"position\":1,\"name\":\"Accueil\",\"item\":\"https:\\\/\\\/csli.fr\\\/\"},{\"@type\":\"ListItem\",\"position\":2,\"name\":\"Support aux utilisateurs\"}]},{\"@type\":\"WebSite\",\"@id\":\"https:\\\/\\\/csli.fr\\\/#website\",\"url\":\"https:\\\/\\\/csli.fr\\\/\",\"name\":\"CSLI\",\"description\":\"Audits et services informatiques au Havre\",\"publisher\":{\"@id\":\"https:\\\/\\\/csli.fr\\\/#organization\"},\"potentialAction\":[{\"@type\":\"SearchAction\",\"target\":{\"@type\":\"EntryPoint\",\"urlTemplate\":\"https:\\\/\\\/csli.fr\\\/?s={search_term_string}\"},\"query-input\":{\"@type\":\"PropertyValueSpecification\",\"valueRequired\":true,\"valueName\":\"search_term_string\"}}],\"inLanguage\":\"fr-FR\"},{\"@type\":\"Organization\",\"@id\":\"https:\\\/\\\/csli.fr\\\/#organization\",\"name\":\"CSLI\",\"url\":\"https:\\\/\\\/csli.fr\\\/\",\"logo\":{\"@type\":\"ImageObject\",\"inLanguage\":\"fr-FR\",\"@id\":\"https:\\\/\\\/csli.fr\\\/#\\\/schema\\\/logo\\\/image\\\/\",\"url\":\"https:\\\/\\\/csli.fr\\\/wp-content\\\/uploads\\\/2018\\\/10\\\/logo2_2_trans.png\",\"contentUrl\":\"https:\\\/\\\/csli.fr\\\/wp-content\\\/uploads\\\/2018\\\/10\\\/logo2_2_trans.png\",\"width\":1397,\"height\":298,\"caption\":\"CSLI\"},\"image\":{\"@id\":\"https:\\\/\\\/csli.fr\\\/#\\\/schema\\\/logo\\\/image\\\/\"}}]}<\/script>\n<!-- \/ Yoast SEO plugin. -->","yoast_head_json":{"title":"Support aux utilisateurs - CSLI","description":"Contrat de maintenance informatique pour entreprise au Havre","robots":{"index":"index","follow":"follow","max-snippet":"max-snippet:-1","max-image-preview":"max-image-preview:large","max-video-preview":"max-video-preview:-1"},"canonical":"https:\/\/csli.fr\/index.php\/prestations-informatiques-solutions-informatiques\/","og_locale":"fr_FR","og_type":"article","og_title":"Support aux utilisateurs - CSLI","og_description":"Contrat de maintenance informatique pour entreprise au Havre","og_url":"https:\/\/csli.fr\/index.php\/prestations-informatiques-solutions-informatiques\/","og_site_name":"CSLI","article_modified_time":"2023-11-20T17:35:43+00:00","twitter_card":"summary_large_image","twitter_misc":{"Dur\u00e9e de lecture estim\u00e9e":"1 minute"},"schema":{"@context":"https:\/\/schema.org","@graph":[{"@type":"WebPage","@id":"https:\/\/csli.fr\/index.php\/prestations-informatiques-solutions-informatiques\/","url":"https:\/\/csli.fr\/index.php\/prestations-informatiques-solutions-informatiques\/","name":"Support aux utilisateurs - CSLI","isPartOf":{"@id":"https:\/\/csli.fr\/#website"},"datePublished":"2019-06-01T12:40:54+00:00","dateModified":"2023-11-20T17:35:43+00:00","description":"Contrat de maintenance informatique pour entreprise au Havre","breadcrumb":{"@id":"https:\/\/csli.fr\/index.php\/prestations-informatiques-solutions-informatiques\/#breadcrumb"},"inLanguage":"fr-FR","potentialAction":[{"@type":"ReadAction","target":["https:\/\/csli.fr\/index.php\/prestations-informatiques-solutions-informatiques\/"]}]},{"@type":"BreadcrumbList","@id":"https:\/\/csli.fr\/index.php\/prestations-informatiques-solutions-informatiques\/#breadcrumb","itemListElement":[{"@type":"ListItem","position":1,"name":"Accueil","item":"https:\/\/csli.fr\/"},{"@type":"ListItem","position":2,"name":"Support aux utilisateurs"}]},{"@type":"WebSite","@id":"https:\/\/csli.fr\/#website","url":"https:\/\/csli.fr\/","name":"CSLI","description":"Audits et services informatiques au Havre","publisher":{"@id":"https:\/\/csli.fr\/#organization"},"potentialAction":[{"@type":"SearchAction","target":{"@type":"EntryPoint","urlTemplate":"https:\/\/csli.fr\/?s={search_term_string}"},"query-input":{"@type":"PropertyValueSpecification","valueRequired":true,"valueName":"search_term_string"}}],"inLanguage":"fr-FR"},{"@type":"Organization","@id":"https:\/\/csli.fr\/#organization","name":"CSLI","url":"https:\/\/csli.fr\/","logo":{"@type":"ImageObject","inLanguage":"fr-FR","@id":"https:\/\/csli.fr\/#\/schema\/logo\/image\/","url":"https:\/\/csli.fr\/wp-content\/uploads\/2018\/10\/logo2_2_trans.png","contentUrl":"https:\/\/csli.fr\/wp-content\/uploads\/2018\/10\/logo2_2_trans.png","width":1397,"height":298,"caption":"CSLI"},"image":{"@id":"https:\/\/csli.fr\/#\/schema\/logo\/image\/"}}]}},"_links":{"self":[{"href":"https:\/\/csli.fr\/index.php\/wp-json\/wp\/v2\/pages\/179","targetHints":{"allow":["GET"]}}],"collection":[{"href":"https:\/\/csli.fr\/index.php\/wp-json\/wp\/v2\/pages"}],"about":[{"href":"https:\/\/csli.fr\/index.php\/wp-json\/wp\/v2\/types\/page"}],"author":[{"embeddable":true,"href":"https:\/\/csli.fr\/index.php\/wp-json\/wp\/v2\/users\/1"}],"replies":[{"embeddable":true,"href":"https:\/\/csli.fr\/index.php\/wp-json\/wp\/v2\/comments?post=179"}],"version-history":[{"count":9,"href":"https:\/\/csli.fr\/index.php\/wp-json\/wp\/v2\/pages\/179\/revisions"}],"predecessor-version":[{"id":408,"href":"https:\/\/csli.fr\/index.php\/wp-json\/wp\/v2\/pages\/179\/revisions\/408"}],"wp:attachment":[{"href":"https:\/\/csli.fr\/index.php\/wp-json\/wp\/v2\/media?parent=179"}],"curies":[{"name":"wp","href":"https:\/\/api.w.org\/{rel}","templated":true}]}}