{"id":209,"date":"2019-06-01T13:53:10","date_gmt":"2019-06-01T13:53:10","guid":{"rendered":"http:\/\/192.168.1.23\/?page_id=209"},"modified":"2023-07-22T15:08:23","modified_gmt":"2023-07-22T15:08:23","slug":"cybersecurite-antivirus-hacker-sauvegardes-vpn","status":"publish","type":"page","link":"https:\/\/csli.fr\/index.php\/cybersecurite-antivirus-hacker-sauvegardes-vpn\/","title":{"rendered":"S\u00e9curit\u00e9 informatique"},"content":{"rendered":"\n<h3 class=\"wp-block-heading\">Vos donn\u00e9es d&rsquo;entreprise au coeur de nos pr\u00e9occupations<\/h3>\n\n\n\n<p>Vos donn\u00e9es, votre travail et vos informations consituent la valeur de votre entreprise. Notre d\u00e9marche de s\u00e9curit\u00e9 s\u2019appuie sur 3 principales mesures de d\u00e9fense.<\/p>\n\n\n\n<div class=\"wp-block-columns has-2-columns is-layout-flex wp-container-core-columns-is-layout-9d6595d7 wp-block-columns-is-layout-flex\">\n<div class=\"wp-block-column is-layout-flow wp-block-column-is-layout-flow\">\n<h4 class=\"wp-block-heading\">La pr\u00e9vention<\/h4>\n\n\n\n<figure class=\"wp-block-image size-large\"><img loading=\"lazy\" decoding=\"async\" width=\"894\" height=\"212\" src=\"https:\/\/csli.fr\/wp-content\/uploads\/2020\/01\/cert-fr.png\" alt=\"\" class=\"wp-image-308\" srcset=\"https:\/\/csli.fr\/wp-content\/uploads\/2020\/01\/cert-fr.png 894w, https:\/\/csli.fr\/wp-content\/uploads\/2020\/01\/cert-fr-300x71.png 300w, https:\/\/csli.fr\/wp-content\/uploads\/2020\/01\/cert-fr-768x182.png 768w\" sizes=\"auto, (max-width: 894px) 100vw, 894px\" \/><\/figure>\n<\/div>\n\n\n\n<div class=\"wp-block-column is-layout-flow wp-block-column-is-layout-flow\">\n<p>Nous faisons une veille active sur les nouvelles menaces et leurs \u00e9volutions. Pour faire face aux menaces et am\u00e9liorer les usages, nous sensibilisons r\u00e9guli\u00e8rement les utilisateurs aux questions de s\u00e9curit\u00e9 du num\u00e9rique.<\/p>\n<\/div>\n<\/div>\n\n\n\n<div class=\"wp-block-columns has-2-columns is-layout-flex wp-container-core-columns-is-layout-9d6595d7 wp-block-columns-is-layout-flex\">\n<div class=\"wp-block-column is-layout-flow wp-block-column-is-layout-flow\">\n<h4 class=\"wp-block-heading\">La protection<\/h4>\n\n\n\n<p>CSLI automatise vos mises \u00e0 jour et prot\u00e8ge ainsi vos syst\u00e8mes des derni\u00e8res vuln\u00e9rabilit\u00e9s qui sont activement exploit\u00e9es par les hackers. Nous d\u00e9ployons syst\u00e9matiquement des protections antivirales modernes et des pare-feux contre le piratage afin de prot\u00e9ger vos utilisateurs lorsqu&rsquo;ils se font pi\u00e9ger.<\/p>\n\n\n\n<ul class=\"wp-block-list\">\n<li>Internet s\u00e9curis\u00e9 \u2705<\/li>\n\n\n\n<li>Antivirus fichier \u2705<\/li>\n\n\n\n<li>Pr\u00e9vention des intrusions \u2705<\/li>\n\n\n\n<li>Protection bancaire \u2705<\/li>\n<\/ul>\n\n\n\n<p><\/p>\n\n\n\n<p><\/p>\n\n\n\n<p><\/p>\n<\/div>\n\n\n\n<div class=\"wp-block-column is-layout-flow wp-block-column-is-layout-flow\">\n<p class=\"has-text-align-center\"><a href=\"https:\/\/www.kaspersky.fr\/\"><img loading=\"lazy\" decoding=\"async\" width=\"694\" height=\"435\" class=\"wp-image-275\" style=\"width: 694px;\" src=\"http:\/\/csli.fr\/wp-content\/uploads\/2019\/06\/Protection-antivirus-kaspersky.png\" alt=\"\" srcset=\"https:\/\/csli.fr\/wp-content\/uploads\/2019\/06\/Protection-antivirus-kaspersky.png 694w, https:\/\/csli.fr\/wp-content\/uploads\/2019\/06\/Protection-antivirus-kaspersky-300x188.png 300w\" sizes=\"auto, (max-width: 694px) 100vw, 694px\" \/><\/a><\/p>\n<\/div>\n<\/div>\n\n\n\n<div class=\"wp-block-columns has-2-columns is-layout-flex wp-container-core-columns-is-layout-9d6595d7 wp-block-columns-is-layout-flex\">\n<div class=\"wp-block-column is-layout-flow wp-block-column-is-layout-flow\">\n<p><a href=\"https:\/\/www.synology.com\/fr-fr\/dsm\/feature\/hyper_backup\"><img loading=\"lazy\" decoding=\"async\" width=\"650\" height=\"265\" class=\"wp-image-280\" style=\"width: 650px;\" src=\"http:\/\/csli.fr\/wp-content\/uploads\/2019\/06\/sauvegardes-informatiques.png\" alt=\"\" srcset=\"https:\/\/csli.fr\/wp-content\/uploads\/2019\/06\/sauvegardes-informatiques.png 650w, https:\/\/csli.fr\/wp-content\/uploads\/2019\/06\/sauvegardes-informatiques-300x122.png 300w\" sizes=\"auto, (max-width: 650px) 100vw, 650px\" \/><\/a><\/p>\n<\/div>\n\n\n\n<div class=\"wp-block-column is-layout-flow wp-block-column-is-layout-flow\">\n<h4 class=\"wp-block-heading\">La r\u00e9cup\u00e9ration<\/h4>\n\n\n\n<p>Les risques informatiques vont croissants. Si malheureusement vos donn\u00e9es sont perdues, vous devrez compter sur votre solution de sauvegarde pour les restaurer. Vos sauvegardes seront controll\u00e9es mensuellement. <\/p>\n<\/div>\n<\/div>\n\n\n\n<div class=\"wp-block-columns is-layout-flex wp-container-core-columns-is-layout-9d6595d7 wp-block-columns-is-layout-flex\">\n<div class=\"wp-block-column is-layout-flow wp-block-column-is-layout-flow\">\n<h4 class=\"wp-block-heading\">Vid\u00e9osurveillance de vos locaux<\/h4>\n\n\n\n<p>Nous d\u00e9ployons aussi des solutions de vid\u00e9osurveillance dans votre entreprise : <\/p>\n\n\n\n<ul class=\"wp-block-list\">\n<li>Cam\u00e9ras IP, int\u00e9rieures\/ext\u00e9rieures, r\u00e9solution HD et vision nocture<\/li>\n\n\n\n<li>Affichage en direct ou relecture rapide de l&rsquo;historique depuis un smartphone<\/li>\n\n\n\n<li>D\u00e9tection d&rsquo;\u00e9v\u00e8nements simples (mouvement) ou avanc\u00e9s (reconnaissance, d\u00e9compte ou franchissement)<\/li>\n\n\n\n<li>Actions sur intrusion : clich\u00e9s photos, enregistrements, alertes mail.<\/li>\n<\/ul>\n<\/div>\n\n\n\n<div class=\"wp-block-column is-layout-flow wp-block-column-is-layout-flow\">\n<figure class=\"wp-block-image size-large\"><img loading=\"lazy\" decoding=\"async\" width=\"1024\" height=\"387\" src=\"https:\/\/csli.fr\/wp-content\/uploads\/2020\/09\/Capture-menu-surveillance-station-1024x387.png\" alt=\"\" class=\"wp-image-345\" srcset=\"https:\/\/csli.fr\/wp-content\/uploads\/2020\/09\/Capture-menu-surveillance-station-1024x387.png 1024w, https:\/\/csli.fr\/wp-content\/uploads\/2020\/09\/Capture-menu-surveillance-station-300x113.png 300w, https:\/\/csli.fr\/wp-content\/uploads\/2020\/09\/Capture-menu-surveillance-station-768x290.png 768w, https:\/\/csli.fr\/wp-content\/uploads\/2020\/09\/Capture-menu-surveillance-station-1536x580.png 1536w, https:\/\/csli.fr\/wp-content\/uploads\/2020\/09\/Capture-menu-surveillance-station-2048x774.png 2048w\" sizes=\"auto, (max-width: 1024px) 100vw, 1024px\" \/><\/figure>\n<\/div>\n<\/div>\n\n\n\n<p><a href=\"https:\/\/csli.fr\/index.php\/prestations-informatiques-solutions-informatiques\/\">Adh\u00e9rez \u00e0 un contrat de support informatique<\/a><\/p>\n","protected":false},"excerpt":{"rendered":"<p>Vos donn\u00e9es d&rsquo;entreprise au coeur de nos pr\u00e9occupations Vos donn\u00e9es, votre travail et vos informations consituent la valeur de votre entreprise. Notre d\u00e9marche de s\u00e9curit\u00e9 s\u2019appuie sur 3 principales mesures de d\u00e9fense. La pr\u00e9vention Nous faisons une veille active sur les nouvelles menaces et leurs \u00e9volutions. Pour faire face aux menaces et am\u00e9liorer les usages, nous sensibilisons r\u00e9guli\u00e8rement les utilisateurs aux questions de s\u00e9curit\u00e9 du num\u00e9rique. La protection CSLI automatise vos mises \u00e0 jour et prot\u00e8ge ainsi vos syst\u00e8mes des derni\u00e8res vuln\u00e9rabilit\u00e9s qui sont activement exploit\u00e9es par les hackers. Nous d\u00e9ployons syst\u00e9matiquement des protections antivirales modernes et des pare-feux contre le piratage afin de prot\u00e9ger vos utilisateurs lorsqu&rsquo;ils se font pi\u00e9ger. La r\u00e9cup\u00e9ration Les risques informatiques vont croissants. Si malheureusement vos donn\u00e9es sont perdues, vous devrez compter sur votre solution de sauvegarde pour les restaurer. Vos sauvegardes seront controll\u00e9es mensuellement. Vid\u00e9osurveillance de vos locaux Nous d\u00e9ployons aussi des solutions de&hellip;<\/p>\n<p> <a class=\"more-link\" href=\"https:\/\/csli.fr\/index.php\/cybersecurite-antivirus-hacker-sauvegardes-vpn\/\">Lire la suite<\/a><\/p>\n","protected":false},"author":1,"featured_media":0,"parent":0,"menu_order":0,"comment_status":"closed","ping_status":"closed","template":"","meta":{"_mi_skip_tracking":false,"_exactmetrics_sitenote_active":false,"_exactmetrics_sitenote_note":"","_exactmetrics_sitenote_category":0,"footnotes":""},"class_list":["post-209","page","type-page","status-publish"],"yoast_head":"<!-- This site is optimized with the Yoast SEO plugin v27.3 - https:\/\/yoast.com\/product\/yoast-seo-wordpress\/ -->\n<title>S\u00e9curit\u00e9 informatique - CSLI<\/title>\n<meta name=\"description\" content=\"S\u00e9curit\u00e9 informatique au Havre : protection des entreprises contre les cyberattaques au Havre. Sauvegardes informatiques.\" \/>\n<meta name=\"robots\" content=\"index, follow, max-snippet:-1, max-image-preview:large, max-video-preview:-1\" \/>\n<link rel=\"canonical\" href=\"https:\/\/csli.fr\/index.php\/cybersecurite-antivirus-hacker-sauvegardes-vpn\/\" \/>\n<meta property=\"og:locale\" content=\"fr_FR\" \/>\n<meta property=\"og:type\" content=\"article\" \/>\n<meta property=\"og:title\" content=\"S\u00e9curit\u00e9 informatique - CSLI\" \/>\n<meta property=\"og:description\" content=\"S\u00e9curit\u00e9 informatique au Havre : protection des entreprises contre les cyberattaques au Havre. Sauvegardes informatiques.\" \/>\n<meta property=\"og:url\" content=\"https:\/\/csli.fr\/index.php\/cybersecurite-antivirus-hacker-sauvegardes-vpn\/\" \/>\n<meta property=\"og:site_name\" content=\"CSLI\" \/>\n<meta property=\"article:modified_time\" content=\"2023-07-22T15:08:23+00:00\" \/>\n<meta property=\"og:image\" content=\"https:\/\/csli.fr\/wp-content\/uploads\/2020\/01\/cert-fr.png\" \/>\n<meta name=\"twitter:card\" content=\"summary_large_image\" \/>\n<meta name=\"twitter:label1\" content=\"Dur\u00e9e de lecture estim\u00e9e\" \/>\n\t<meta name=\"twitter:data1\" content=\"2 minutes\" \/>\n<script type=\"application\/ld+json\" class=\"yoast-schema-graph\">{\"@context\":\"https:\\\/\\\/schema.org\",\"@graph\":[{\"@type\":\"WebPage\",\"@id\":\"https:\\\/\\\/csli.fr\\\/index.php\\\/cybersecurite-antivirus-hacker-sauvegardes-vpn\\\/\",\"url\":\"https:\\\/\\\/csli.fr\\\/index.php\\\/cybersecurite-antivirus-hacker-sauvegardes-vpn\\\/\",\"name\":\"S\u00e9curit\u00e9 informatique - CSLI\",\"isPartOf\":{\"@id\":\"https:\\\/\\\/csli.fr\\\/#website\"},\"primaryImageOfPage\":{\"@id\":\"https:\\\/\\\/csli.fr\\\/index.php\\\/cybersecurite-antivirus-hacker-sauvegardes-vpn\\\/#primaryimage\"},\"image\":{\"@id\":\"https:\\\/\\\/csli.fr\\\/index.php\\\/cybersecurite-antivirus-hacker-sauvegardes-vpn\\\/#primaryimage\"},\"thumbnailUrl\":\"https:\\\/\\\/csli.fr\\\/wp-content\\\/uploads\\\/2020\\\/01\\\/cert-fr.png\",\"datePublished\":\"2019-06-01T13:53:10+00:00\",\"dateModified\":\"2023-07-22T15:08:23+00:00\",\"description\":\"S\u00e9curit\u00e9 informatique au Havre : protection des entreprises contre les cyberattaques au Havre. Sauvegardes informatiques.\",\"breadcrumb\":{\"@id\":\"https:\\\/\\\/csli.fr\\\/index.php\\\/cybersecurite-antivirus-hacker-sauvegardes-vpn\\\/#breadcrumb\"},\"inLanguage\":\"fr-FR\",\"potentialAction\":[{\"@type\":\"ReadAction\",\"target\":[\"https:\\\/\\\/csli.fr\\\/index.php\\\/cybersecurite-antivirus-hacker-sauvegardes-vpn\\\/\"]}]},{\"@type\":\"ImageObject\",\"inLanguage\":\"fr-FR\",\"@id\":\"https:\\\/\\\/csli.fr\\\/index.php\\\/cybersecurite-antivirus-hacker-sauvegardes-vpn\\\/#primaryimage\",\"url\":\"https:\\\/\\\/csli.fr\\\/wp-content\\\/uploads\\\/2020\\\/01\\\/cert-fr.png\",\"contentUrl\":\"https:\\\/\\\/csli.fr\\\/wp-content\\\/uploads\\\/2020\\\/01\\\/cert-fr.png\",\"width\":894,\"height\":212},{\"@type\":\"BreadcrumbList\",\"@id\":\"https:\\\/\\\/csli.fr\\\/index.php\\\/cybersecurite-antivirus-hacker-sauvegardes-vpn\\\/#breadcrumb\",\"itemListElement\":[{\"@type\":\"ListItem\",\"position\":1,\"name\":\"Accueil\",\"item\":\"https:\\\/\\\/csli.fr\\\/\"},{\"@type\":\"ListItem\",\"position\":2,\"name\":\"S\u00e9curit\u00e9 informatique\"}]},{\"@type\":\"WebSite\",\"@id\":\"https:\\\/\\\/csli.fr\\\/#website\",\"url\":\"https:\\\/\\\/csli.fr\\\/\",\"name\":\"CSLI\",\"description\":\"Audits et services informatiques au Havre\",\"publisher\":{\"@id\":\"https:\\\/\\\/csli.fr\\\/#organization\"},\"potentialAction\":[{\"@type\":\"SearchAction\",\"target\":{\"@type\":\"EntryPoint\",\"urlTemplate\":\"https:\\\/\\\/csli.fr\\\/?s={search_term_string}\"},\"query-input\":{\"@type\":\"PropertyValueSpecification\",\"valueRequired\":true,\"valueName\":\"search_term_string\"}}],\"inLanguage\":\"fr-FR\"},{\"@type\":\"Organization\",\"@id\":\"https:\\\/\\\/csli.fr\\\/#organization\",\"name\":\"CSLI\",\"url\":\"https:\\\/\\\/csli.fr\\\/\",\"logo\":{\"@type\":\"ImageObject\",\"inLanguage\":\"fr-FR\",\"@id\":\"https:\\\/\\\/csli.fr\\\/#\\\/schema\\\/logo\\\/image\\\/\",\"url\":\"https:\\\/\\\/csli.fr\\\/wp-content\\\/uploads\\\/2018\\\/10\\\/logo2_2_trans.png\",\"contentUrl\":\"https:\\\/\\\/csli.fr\\\/wp-content\\\/uploads\\\/2018\\\/10\\\/logo2_2_trans.png\",\"width\":1397,\"height\":298,\"caption\":\"CSLI\"},\"image\":{\"@id\":\"https:\\\/\\\/csli.fr\\\/#\\\/schema\\\/logo\\\/image\\\/\"}}]}<\/script>\n<!-- \/ Yoast SEO plugin. -->","yoast_head_json":{"title":"S\u00e9curit\u00e9 informatique - CSLI","description":"S\u00e9curit\u00e9 informatique au Havre : protection des entreprises contre les cyberattaques au Havre. Sauvegardes informatiques.","robots":{"index":"index","follow":"follow","max-snippet":"max-snippet:-1","max-image-preview":"max-image-preview:large","max-video-preview":"max-video-preview:-1"},"canonical":"https:\/\/csli.fr\/index.php\/cybersecurite-antivirus-hacker-sauvegardes-vpn\/","og_locale":"fr_FR","og_type":"article","og_title":"S\u00e9curit\u00e9 informatique - CSLI","og_description":"S\u00e9curit\u00e9 informatique au Havre : protection des entreprises contre les cyberattaques au Havre. Sauvegardes informatiques.","og_url":"https:\/\/csli.fr\/index.php\/cybersecurite-antivirus-hacker-sauvegardes-vpn\/","og_site_name":"CSLI","article_modified_time":"2023-07-22T15:08:23+00:00","og_image":[{"url":"https:\/\/csli.fr\/wp-content\/uploads\/2020\/01\/cert-fr.png","type":"","width":"","height":""}],"twitter_card":"summary_large_image","twitter_misc":{"Dur\u00e9e de lecture estim\u00e9e":"2 minutes"},"schema":{"@context":"https:\/\/schema.org","@graph":[{"@type":"WebPage","@id":"https:\/\/csli.fr\/index.php\/cybersecurite-antivirus-hacker-sauvegardes-vpn\/","url":"https:\/\/csli.fr\/index.php\/cybersecurite-antivirus-hacker-sauvegardes-vpn\/","name":"S\u00e9curit\u00e9 informatique - CSLI","isPartOf":{"@id":"https:\/\/csli.fr\/#website"},"primaryImageOfPage":{"@id":"https:\/\/csli.fr\/index.php\/cybersecurite-antivirus-hacker-sauvegardes-vpn\/#primaryimage"},"image":{"@id":"https:\/\/csli.fr\/index.php\/cybersecurite-antivirus-hacker-sauvegardes-vpn\/#primaryimage"},"thumbnailUrl":"https:\/\/csli.fr\/wp-content\/uploads\/2020\/01\/cert-fr.png","datePublished":"2019-06-01T13:53:10+00:00","dateModified":"2023-07-22T15:08:23+00:00","description":"S\u00e9curit\u00e9 informatique au Havre : protection des entreprises contre les cyberattaques au Havre. Sauvegardes informatiques.","breadcrumb":{"@id":"https:\/\/csli.fr\/index.php\/cybersecurite-antivirus-hacker-sauvegardes-vpn\/#breadcrumb"},"inLanguage":"fr-FR","potentialAction":[{"@type":"ReadAction","target":["https:\/\/csli.fr\/index.php\/cybersecurite-antivirus-hacker-sauvegardes-vpn\/"]}]},{"@type":"ImageObject","inLanguage":"fr-FR","@id":"https:\/\/csli.fr\/index.php\/cybersecurite-antivirus-hacker-sauvegardes-vpn\/#primaryimage","url":"https:\/\/csli.fr\/wp-content\/uploads\/2020\/01\/cert-fr.png","contentUrl":"https:\/\/csli.fr\/wp-content\/uploads\/2020\/01\/cert-fr.png","width":894,"height":212},{"@type":"BreadcrumbList","@id":"https:\/\/csli.fr\/index.php\/cybersecurite-antivirus-hacker-sauvegardes-vpn\/#breadcrumb","itemListElement":[{"@type":"ListItem","position":1,"name":"Accueil","item":"https:\/\/csli.fr\/"},{"@type":"ListItem","position":2,"name":"S\u00e9curit\u00e9 informatique"}]},{"@type":"WebSite","@id":"https:\/\/csli.fr\/#website","url":"https:\/\/csli.fr\/","name":"CSLI","description":"Audits et services informatiques au Havre","publisher":{"@id":"https:\/\/csli.fr\/#organization"},"potentialAction":[{"@type":"SearchAction","target":{"@type":"EntryPoint","urlTemplate":"https:\/\/csli.fr\/?s={search_term_string}"},"query-input":{"@type":"PropertyValueSpecification","valueRequired":true,"valueName":"search_term_string"}}],"inLanguage":"fr-FR"},{"@type":"Organization","@id":"https:\/\/csli.fr\/#organization","name":"CSLI","url":"https:\/\/csli.fr\/","logo":{"@type":"ImageObject","inLanguage":"fr-FR","@id":"https:\/\/csli.fr\/#\/schema\/logo\/image\/","url":"https:\/\/csli.fr\/wp-content\/uploads\/2018\/10\/logo2_2_trans.png","contentUrl":"https:\/\/csli.fr\/wp-content\/uploads\/2018\/10\/logo2_2_trans.png","width":1397,"height":298,"caption":"CSLI"},"image":{"@id":"https:\/\/csli.fr\/#\/schema\/logo\/image\/"}}]}},"_links":{"self":[{"href":"https:\/\/csli.fr\/index.php\/wp-json\/wp\/v2\/pages\/209","targetHints":{"allow":["GET"]}}],"collection":[{"href":"https:\/\/csli.fr\/index.php\/wp-json\/wp\/v2\/pages"}],"about":[{"href":"https:\/\/csli.fr\/index.php\/wp-json\/wp\/v2\/types\/page"}],"author":[{"embeddable":true,"href":"https:\/\/csli.fr\/index.php\/wp-json\/wp\/v2\/users\/1"}],"replies":[{"embeddable":true,"href":"https:\/\/csli.fr\/index.php\/wp-json\/wp\/v2\/comments?post=209"}],"version-history":[{"count":33,"href":"https:\/\/csli.fr\/index.php\/wp-json\/wp\/v2\/pages\/209\/revisions"}],"predecessor-version":[{"id":402,"href":"https:\/\/csli.fr\/index.php\/wp-json\/wp\/v2\/pages\/209\/revisions\/402"}],"wp:attachment":[{"href":"https:\/\/csli.fr\/index.php\/wp-json\/wp\/v2\/media?parent=209"}],"curies":[{"name":"wp","href":"https:\/\/api.w.org\/{rel}","templated":true}]}}